{"id":23,"date":"2014-03-16T22:47:34","date_gmt":"2014-03-16T20:47:34","guid":{"rendered":"http:\/\/www.theodissa-buehne-diez.de\/wordpress\/?page_id=23"},"modified":"2025-10-02T11:50:29","modified_gmt":"2025-10-02T09:50:29","slug":"historie","status":"publish","type":"page","link":"http:\/\/www.theodissa-buehne-diez.de\/wordpress\/?page_id=23","title":{"rendered":"Historie"},"content":{"rendered":"<p>1989\u00a0\u00a0\u00a0\u00a0\u00a0\u00a0\u00a0\u00a0\u00a0\u00a0\u00a0\u00a0\u00a0\u00a0\u00a0\u00a0\u00a0\u00a0 Gr\u00fcndung durch Horst Helfrich (Volkshochschule)<\/p>\n<p>1991\u00a0\u00a0\u00a0\u00a0\u00a0\u00a0\u00a0\u00a0\u00a0\u00a0\u00a0\u00a0\u00a0\u00a0\u00a0\u00a0\u00a0\u00a0 selbstst\u00e4ndiger eingetragener Verein<\/p>\n<p>1996\u00a0\u00a0\u00a0\u00a0\u00a0\u00a0\u00a0\u00a0\u00a0\u00a0\u00a0\u00a0\u00a0\u00a0\u00a0\u00a0\u00a0\u00a0 Silvia Barz l\u00f6st Horst Helfrich als 1. Vorsitzende ab.<\/p>\n<p>Ilona Reinhard \u00fcbernahm die Gesch\u00e4ftsf\u00fchrung<\/p>\n<p>und die Regiearbeit<\/p>\n<p>1997\u00a0\u00a0\u00a0\u00a0\u00a0\u00a0\u00a0\u00a0\u00a0\u00a0\u00a0\u00a0\u00a0\u00a0\u00a0\u00a0\u00a0\u00a0 Landesverbandstag in Diez<\/p>\n<p>1998\u00a0\u00a0\u00a0\u00a0\u00a0\u00a0\u00a0\u00a0\u00a0\u00a0\u00a0\u00a0\u00a0\u00a0\u00a0\u00a0\u00a0\u00a0\u00a0Fernsehaufzeichnung SWR &#8222;Immer wieder samstags&#8220;<\/p>\n<p>2001\u00a0\u00a0\u00a0\u00a0\u00a0\u00a0\u00a0\u00a0\u00a0\u00a0\u00a0\u00a0\u00a0\u00a0\u00a0\u00a0\u00a0\u00a0 10 Jahre Theodissa B\u00fchne &#8211; gefeiert wurde im Haus Eberhard, Diez<\/p>\n<p>2012\u00a0\u00a0\u00a0\u00a0\u00a0\u00a0\u00a0\u00a0\u00a0\u00a0\u00a0\u00a0\u00a0\u00a0\u00a0\u00a0\u00a0\u00a0\u00a020 Jahre Theodissa B\u00fchne &#8211; gefeiert wurde bei Hans-Peter Eberl, Diez<\/p>\n<p>2018\u00a0 \u00a0 \u00a0 \u00a0 \u00a0 \u00a0 \u00a0 \u00a0 \u00a0 \u00a0Sketche auf der Seeb\u00fchne im generationspark<\/p>\n<p>2019\u00a0 \u00a0 \u00a0 \u00a0 \u00a0 \u00a0 \u00a0 \u00a0 \u00a0 \u00a0Verleihung des Kulturpreises der Stadt Diez<\/p>\n<p>Clown Workshop mit Auftritt auf der Seeb\u00fchne im Generationspark<\/p>\n<p>2021\u00a0 \u00a0 \u00a0 \u00a0 \u00a0 \u00a0 \u00a0 \u00a0 \u00a0 \u00a0Erste YouTube Videos 3 St\u00fcck<\/p>\n<p>30 Jahre Theodissa B\u00fchne &#8211; gefeiert im HDV<\/p>\n<p>2022\u00a0 \u00a0 \u00a0 \u00a0 \u00a0 \u00a0 \u00a0 \u00a0 \u00a0 \u00a0 Veranstaltung eines kleinen Fr\u00fchlingsmarkt<\/p>\n<h2>bisher aufgef\u00fchrte St\u00fccke:<\/h2>\n<p>1991 &#8211; Flughafen Frankfurt 19 Uhr 5 &#8211; Horst Helfrich<\/p>\n<p>1992 &#8211; Froste Nichte &#8211; Horst Helfrich<\/p>\n<p>1993 &#8211; Ohne Mantelfutter &#8211; Horst Helfrich<\/p>\n<p>1994 &#8211; Heavy Beethoven &#8211; Horst Helfrich<\/p>\n<p>1995 &#8211; Wann starb Johann Gottlieb Fichte &#8211; Horst Helfrich<\/p>\n<p>1996 &#8211; Die blaue Maus<\/p>\n<p>1997 &#8211; Nichts als Kuddelmuddel<\/p>\n<p>1999 &#8211; Das Tal der Suppen<\/p>\n<p>2001 &#8211; Wo ist die Kette von Henriette<\/p>\n<p>2002 &#8211; Die\u00a0Leiche im Schrank von Walter G. Pfaus<\/p>\n<p>2003 &#8211; Keine Ruhe in der Truhe von Walter G. Pfaus<\/p>\n<p>2004 &#8211; Diagnose Alptraum von Dan Emperore<\/p>\n<p>2006 &#8211; Ein Krimi f\u00fcr das Schlossgespenst von Werner Lachmann<\/p>\n<p>2007 &#8211; Glaubersalz zum Nachtisch<\/p>\n<p>2008 &#8211; Verwandte und andere Nachbarn von Walter G. Pfaus<\/p>\n<p>2009 &#8211; Schlachtfest bei Schmidt von Robert Lange<\/p>\n<p>2010\u00a0&#8211; Ab heute sind wir pleite von Walter G. Pfaus<\/p>\n<p>2011 &#8211; M\u00f6rder m\u00f6gens messerscharf von Christine Steinwasser<\/p>\n<p>2012 &#8211; Amnesie f\u00fcr Fortgeschrittene von Karl-Heinz Alfred Hahn<\/p>\n<p>2013 &#8211;\u00a0Das gest\u00f6rte Sch\u00e4ferst\u00fcndchen von Walter G. Pfaus<\/p>\n<p>2014 &#8211; 4 Einakter: Papagei mit Folgen von Horst Helfrich, Oma allein im Haus, Der Ruf des Uhus und Der Schliwwer<\/p>\n<p>2015 &#8211; Am laufenden Band<\/p>\n<p>2016 &#8211; Manchmal darf&#8217;s auch Shakespear sein \/\/ Camping ist lustig<\/p>\n<p>2017 &#8211; Krimidinner &#8222;Klappe Tod, die zweite&#8220;<\/p>\n<p>2018 &#8211; Himmlisches Gericht<\/p>\n<p>2019- Gruseldinner &#8222;Besuch auf Schlo\u00df Hagenstein&#8220;<\/p>\n<p>2021 &#8211; Es f\u00e4hrt kein Zug nach irgendwo<\/p>\n<p>2022 &#8211; Krimidinner &#8222;Jetzt oder nie&#8220;<\/p>\n<p>2023 &#8211; Auf Amtswegen<\/p>\n<p>2024 &#8211; Krimidinner &#8222;Ist das Mord &#8211; oder geh\u00f6rt das zum St\u00fcck?&#8220;<\/p>\n<p>2025 &#8211; Radau auf der Gartenschau<\/p>\n","protected":false},"excerpt":{"rendered":"<p>1989\u00a0\u00a0\u00a0\u00a0\u00a0\u00a0\u00a0\u00a0\u00a0\u00a0\u00a0\u00a0\u00a0\u00a0\u00a0\u00a0\u00a0\u00a0 Gr\u00fcndung durch Horst Helfrich (Volkshochschule) 1991\u00a0\u00a0\u00a0\u00a0\u00a0\u00a0\u00a0\u00a0\u00a0\u00a0\u00a0\u00a0\u00a0\u00a0\u00a0\u00a0\u00a0\u00a0 selbstst\u00e4ndiger eingetragener Verein 1996\u00a0\u00a0\u00a0\u00a0\u00a0\u00a0\u00a0\u00a0\u00a0\u00a0\u00a0\u00a0\u00a0\u00a0\u00a0\u00a0\u00a0\u00a0 Silvia Barz l\u00f6st Horst Helfrich als 1. Vorsitzende ab. Ilona Reinhard \u00fcbernahm die Gesch\u00e4ftsf\u00fchrung und die Regiearbeit 1997\u00a0\u00a0\u00a0\u00a0\u00a0\u00a0\u00a0\u00a0\u00a0\u00a0\u00a0\u00a0\u00a0\u00a0\u00a0\u00a0\u00a0\u00a0 Landesverbandstag in Diez 1998\u00a0\u00a0\u00a0\u00a0\u00a0\u00a0\u00a0\u00a0\u00a0\u00a0\u00a0\u00a0\u00a0\u00a0\u00a0\u00a0\u00a0\u00a0\u00a0Fernsehaufzeichnung SWR &#8222;Immer wieder samstags&#8220; 2001\u00a0\u00a0\u00a0\u00a0\u00a0\u00a0\u00a0\u00a0\u00a0\u00a0\u00a0\u00a0\u00a0\u00a0\u00a0\u00a0\u00a0\u00a0 10 Jahre Theodissa B\u00fchne &#8211; gefeiert wurde im Haus Eberhard, Diez 2012\u00a0\u00a0\u00a0\u00a0\u00a0\u00a0\u00a0\u00a0\u00a0\u00a0\u00a0\u00a0\u00a0\u00a0\u00a0\u00a0\u00a0\u00a0\u00a020 Jahre Theodissa B\u00fchne &#8211; gefeiert [&hellip;]<\/p>\n","protected":false},"author":1,"featured_media":0,"parent":0,"menu_order":0,"comment_status":"open","ping_status":"open","template":"","meta":{"footnotes":""},"class_list":["post-23","page","type-page","status-publish","hentry"],"_links":{"self":[{"href":"http:\/\/www.theodissa-buehne-diez.de\/wordpress\/index.php?rest_route=\/wp\/v2\/pages\/23","targetHints":{"allow":["GET"]}}],"collection":[{"href":"http:\/\/www.theodissa-buehne-diez.de\/wordpress\/index.php?rest_route=\/wp\/v2\/pages"}],"about":[{"href":"http:\/\/www.theodissa-buehne-diez.de\/wordpress\/index.php?rest_route=\/wp\/v2\/types\/page"}],"author":[{"embeddable":true,"href":"http:\/\/www.theodissa-buehne-diez.de\/wordpress\/index.php?rest_route=\/wp\/v2\/users\/1"}],"replies":[{"embeddable":true,"href":"http:\/\/www.theodissa-buehne-diez.de\/wordpress\/index.php?rest_route=%2Fwp%2Fv2%2Fcomments&post=23"}],"version-history":[{"count":11,"href":"http:\/\/www.theodissa-buehne-diez.de\/wordpress\/index.php?rest_route=\/wp\/v2\/pages\/23\/revisions"}],"predecessor-version":[{"id":402,"href":"http:\/\/www.theodissa-buehne-diez.de\/wordpress\/index.php?rest_route=\/wp\/v2\/pages\/23\/revisions\/402"}],"wp:attachment":[{"href":"http:\/\/www.theodissa-buehne-diez.de\/wordpress\/index.php?rest_route=%2Fwp%2Fv2%2Fmedia&parent=23"}],"curies":[{"name":"wp","href":"https:\/\/api.w.org\/{rel}","templated":true}]}}